{"id":58,"date":"2023-08-03T11:34:15","date_gmt":"2023-08-03T11:34:15","guid":{"rendered":"https:\/\/dytrt-gartenbau.de\/?page_id=58"},"modified":"2023-08-03T12:10:08","modified_gmt":"2023-08-03T12:10:08","slug":"baumfaellung","status":"publish","type":"page","link":"https:\/\/dytrt-gartenbau.de\/?page_id=58","title":{"rendered":"Baumf\u00e4llung"},"content":{"rendered":"\n<p><strong>Ihr Profi f\u00fcr professionelle Baumf\u00e4llarbeiten<\/strong><\/p>\n\n\n\n<p>Wir sind der Fachbetrieb f\u00fcr das F\u00e4llen von B\u00e4umen mit modernster<br>Technik, auch f\u00fcr schwierige Abtragungen mit Einsatz von Hubb\u00fchnen.<br>Wir bieten das Zerfr\u00e4sen von Baumwurzeln mit einem 100 PS starken Stumpfschneider an. Die Fr\u00e4se f\u00e4hrt auf gro\u00dfvolumigen Reifen, sodass auf Rasen\ufb02\u00e4chen keine Besch\u00e4digungen entstehen. Sie hat eine Spurbreite von 91 cm und ist ohne Probleme auch auf kleineren Grundst\u00fccken einsetzbar. Durch die Technik des Diamantschneideapparates spielt die Bodenbeschaffenheit keine Rolle. Selbst Steine und anderer, im Boden befindlicher Unrat wird genauso zerfr\u00e4st wie die Wurzel an sich. Die St\u00fcmpfe werden bis zu einer Tiefe von maximal 80 cm zerfr\u00e4st, sodass ein Gemisch aus S\u00e4gesp\u00e4nen und Erde entsteht. Es kann ohne Entsorgungskosten sofort wieder neu gep\ufb02anzt werden. <\/p>\n\n\n\n<p><iframe loading=\"lazy\" title=\"Dytrt - Baumf\u00e4llung\" width=\"500\" height=\"281\" src=\"https:\/\/www.youtube.com\/embed\/G7HL8HYre14?feature=oembed\" frameborder=\"0\" allow=\"accelerometer; autoplay; clipboard-write; encrypted-media; gyroscope; picture-in-picture; web-share\" allowfullscreen><\/iframe><\/p>\n","protected":false},"excerpt":{"rendered":"<p>Ihr Profi f\u00fcr professionelle Baumf\u00e4llarbeiten Wir sind der Fachbetrieb f\u00fcr das F\u00e4llen von B\u00e4umen mit modernsterTechnik, auch f\u00fcr schwierige Abtragungen mit Einsatz von Hubb\u00fchnen.Wir bieten das Zerfr\u00e4sen von Baumwurzeln mit einem 100 PS starken Stumpfschneider an. Die Fr\u00e4se f\u00e4hrt auf gro\u00dfvolumigen Reifen, sodass auf Rasen\ufb02\u00e4chen keine Besch\u00e4digungen entstehen. Sie hat eine Spurbreite von 91 cm&#8230; <\/p>\n","protected":false},"author":1,"featured_media":0,"parent":0,"menu_order":0,"comment_status":"closed","ping_status":"closed","template":"","meta":[],"_links":{"self":[{"href":"https:\/\/dytrt-gartenbau.de\/index.php?rest_route=\/wp\/v2\/pages\/58"}],"collection":[{"href":"https:\/\/dytrt-gartenbau.de\/index.php?rest_route=\/wp\/v2\/pages"}],"about":[{"href":"https:\/\/dytrt-gartenbau.de\/index.php?rest_route=\/wp\/v2\/types\/page"}],"author":[{"embeddable":true,"href":"https:\/\/dytrt-gartenbau.de\/index.php?rest_route=\/wp\/v2\/users\/1"}],"replies":[{"embeddable":true,"href":"https:\/\/dytrt-gartenbau.de\/index.php?rest_route=%2Fwp%2Fv2%2Fcomments&post=58"}],"version-history":[{"count":3,"href":"https:\/\/dytrt-gartenbau.de\/index.php?rest_route=\/wp\/v2\/pages\/58\/revisions"}],"predecessor-version":[{"id":72,"href":"https:\/\/dytrt-gartenbau.de\/index.php?rest_route=\/wp\/v2\/pages\/58\/revisions\/72"}],"wp:attachment":[{"href":"https:\/\/dytrt-gartenbau.de\/index.php?rest_route=%2Fwp%2Fv2%2Fmedia&parent=58"}],"curies":[{"name":"wp","href":"https:\/\/api.w.org\/{rel}","templated":true}]}}