{"id":62,"date":"2023-08-03T11:36:45","date_gmt":"2023-08-03T11:36:45","guid":{"rendered":"https:\/\/dytrt-gartenbau.de\/?page_id=62"},"modified":"2023-08-03T12:45:31","modified_gmt":"2023-08-03T12:45:31","slug":"rasen","status":"publish","type":"page","link":"https:\/\/dytrt-gartenbau.de\/?page_id=62","title":{"rendered":"Rasen"},"content":{"rendered":"\n<p><strong>Ihr Spezialist f\u00fcr Rasenneuanlagen<\/strong><\/p>\n\n\n\n<p>Um eine Neuanlage von Rasenfl\u00e4chen durchzuf\u00fchren, mit Einsaat oder Rollrasen, haben wir spezielle Bearbeitungsmaschinen. Mit unserem Sodenschneider sind wir in der Lage, alte Rasenfl\u00e4chen abzusch\u00e4len. F\u00fcr die Bodenbearbeitu\u0131\u0131g bzw. Planierarbeiten stehen uns Kreiseleggen und eine Umkehrfr\u00e4se zur Verf\u00fcgung, um den Boden zu begradigen, verdichten und gl\u00e4tten.<\/p>\n\n\n\n<figure class=\"wp-block-image size-full\"><img decoding=\"async\" loading=\"lazy\" width=\"640\" height=\"895\" src=\"https:\/\/dytrt-gartenbau.de\/wp-content\/uploads\/2023\/08\/Rasen1.jpg\" alt=\"\" class=\"wp-image-83\" srcset=\"https:\/\/dytrt-gartenbau.de\/wp-content\/uploads\/2023\/08\/Rasen1.jpg 640w, https:\/\/dytrt-gartenbau.de\/wp-content\/uploads\/2023\/08\/Rasen1-215x300.jpg 215w\" sizes=\"(max-width: 640px) 100vw, 640px\" \/><\/figure>\n","protected":false},"excerpt":{"rendered":"<p>Ihr Spezialist f\u00fcr Rasenneuanlagen Um eine Neuanlage von Rasenfl\u00e4chen durchzuf\u00fchren, mit Einsaat oder Rollrasen, haben wir spezielle Bearbeitungsmaschinen. Mit unserem Sodenschneider sind wir in der Lage, alte Rasenfl\u00e4chen abzusch\u00e4len. F\u00fcr die Bodenbearbeitu\u0131\u0131g bzw. Planierarbeiten stehen uns Kreiseleggen und eine Umkehrfr\u00e4se zur Verf\u00fcgung, um den Boden zu begradigen, verdichten und gl\u00e4tten.<\/p>\n","protected":false},"author":1,"featured_media":0,"parent":0,"menu_order":0,"comment_status":"closed","ping_status":"closed","template":"","meta":[],"_links":{"self":[{"href":"https:\/\/dytrt-gartenbau.de\/index.php?rest_route=\/wp\/v2\/pages\/62"}],"collection":[{"href":"https:\/\/dytrt-gartenbau.de\/index.php?rest_route=\/wp\/v2\/pages"}],"about":[{"href":"https:\/\/dytrt-gartenbau.de\/index.php?rest_route=\/wp\/v2\/types\/page"}],"author":[{"embeddable":true,"href":"https:\/\/dytrt-gartenbau.de\/index.php?rest_route=\/wp\/v2\/users\/1"}],"replies":[{"embeddable":true,"href":"https:\/\/dytrt-gartenbau.de\/index.php?rest_route=%2Fwp%2Fv2%2Fcomments&post=62"}],"version-history":[{"count":3,"href":"https:\/\/dytrt-gartenbau.de\/index.php?rest_route=\/wp\/v2\/pages\/62\/revisions"}],"predecessor-version":[{"id":84,"href":"https:\/\/dytrt-gartenbau.de\/index.php?rest_route=\/wp\/v2\/pages\/62\/revisions\/84"}],"wp:attachment":[{"href":"https:\/\/dytrt-gartenbau.de\/index.php?rest_route=%2Fwp%2Fv2%2Fmedia&parent=62"}],"curies":[{"name":"wp","href":"https:\/\/api.w.org\/{rel}","templated":true}]}}